{"id":40,"date":"2013-07-08T18:42:24","date_gmt":"2013-07-08T16:42:24","guid":{"rendered":"http:\/\/www.fotografiskforlag.no\/?page_id=40"},"modified":"2024-08-03T10:45:26","modified_gmt":"2024-08-03T08:45:26","slug":"boker","status":"publish","type":"page","link":"https:\/\/www.fotografiskforlag.no\/?page_id=40","title":{"rendered":"B\u00f8ker"},"content":{"rendered":"<p><em><strong>MORTEN L\u00d8BERG\/FOTOMAGS STORE FOTOPAPIRTEST<\/strong><\/em><\/p>\n<p><a href=\"http:\/\/www.fotografiskforlag.no\/wp-content\/uploads\/2020\/05\/ML-papirtest_cover.jpg\"><img loading=\"lazy\" class=\"alignnone size-full wp-image-726\" src=\"http:\/\/www.fotografiskforlag.no\/wp-content\/uploads\/2020\/05\/ML-papirtest_cover.jpg\" alt=\"\" width=\"295\" height=\"300\" srcset=\"https:\/\/www.fotografiskforlag.no\/wp-content\/uploads\/2020\/05\/ML-papirtest_cover.jpg 295w, https:\/\/www.fotografiskforlag.no\/wp-content\/uploads\/2020\/05\/ML-papirtest_cover-80x80.jpg 80w\" sizes=\"(max-width: 295px) 100vw, 295px\" \/><\/a><\/p>\n<p>Fotografis store fotopapirtest, som omfatter rundt 400 utskriftsmedier, er n\u00e5 oppdatert med tester av flere nye papirer.<\/p>\n<p>Antall testede papirer er noenlunde konstant. Selv om nye produkter stadig legges til, tas andre ut fordi de har g\u00e5tt ut av produksjon, blitt erstattet av nye produkter eller fordi de ikke lenger er like relevante (for eksempel fordi produktene ikke er \u00e5 f\u00e5 kj\u00f8pt i Norge lenger).<\/p>\n<p>Testene utf\u00f8res av fotograf Morten M. L\u00f8berg p\u00e5 en Epson SC P-9500 skriver. Vi benytter videre en Eizo Color Edge selvkalibrerende skjerm og et X-rite i1 Pro fotospektrometer for \u00e5 lage egne fargeprofiler og til \u00e5 m\u00e5le maks sort (D Max) i papirene.<\/p>\n<p>Det er ikke nok \u00e5 velge de beste papirene for \u00e5 f\u00e5 det beste resultatet, du m\u00e5 ogs\u00e5 vite hvordan du utnytter skriverens kvalitet best mulig. En grunnleggende skriverskole er inkludert i Fotografis store papirtest, men du kan ogs\u00e5 g\u00e5 p\u00e5 kurset Fine Art Printing Masterclass Printing med Morten M. L\u00f8berg. Se Kursfabrikken.no for detaljer.<\/p>\n<p><em>Fotografis store fotopapirtest<\/em><\/p>\n<p>Pdf-fil<br \/>\n47 sider<br \/>\nKr. 450,00.<br \/>\n<a href=\"http:\/\/www.fotografiskforlag.no\/?page_id=138\">Bestill<\/a><\/p>\n<p><em><strong> \u00a0<\/strong><\/em><\/p>\n<p><em><strong>FEM TI\u00c5R MED FOTOGRAFI. TIDSSKRIFTET FOTOGRAFI 1968 \u2013 2018<\/strong><\/em><\/p>\n<p><a href=\"http:\/\/www.fotografiskforlag.no\/wp-content\/uploads\/2019\/12\/300x300.jpg\"><img loading=\"lazy\" class=\"alignnone size-full wp-image-669\" src=\"http:\/\/www.fotografiskforlag.no\/wp-content\/uploads\/2019\/12\/300x300.jpg\" alt=\"\" width=\"300\" height=\"300\" srcset=\"https:\/\/www.fotografiskforlag.no\/wp-content\/uploads\/2019\/12\/300x300.jpg 300w, https:\/\/www.fotografiskforlag.no\/wp-content\/uploads\/2019\/12\/300x300-150x150.jpg 150w, https:\/\/www.fotografiskforlag.no\/wp-content\/uploads\/2019\/12\/300x300-80x80.jpg 80w\" sizes=\"(max-width: 300px) 100vw, 300px\" \/><\/a><\/p>\n<p class=\"p1\"><span class=\"s1\"><strong>\u00ab<\/strong>Bildet taler et sprog som alle forst<\/span><span class=\"s2\">\u00e5<\/span><span class=\"s1\">r, og er v<\/span><span class=\"s2\">\u00e5<\/span><span class=\"s1\">rt viktigste element til meddelelse menneskene imellom<strong>\u00bb.<\/strong> (Redakt<\/span><span class=\"s2\">\u00f8<\/span><span class=\"s1\">r Ivar Haan<\/span><span class=\"s2\">\u00e6<\/span><span class=\"s1\">s, 1967).\u00a0<\/span><\/p>\n<p class=\"p1\"><span class=\"s1\">Tidsskriftet Fotografi har speilet b<\/span><span class=\"s2\">\u00e5<\/span><span class=\"s1\">de norsk og internasjonal fotografi gjennom fem ti<\/span><span class=\"s2\">\u00e5<\/span><span class=\"s1\">r. Fra det f<\/span><span class=\"s2\">\u00f8<\/span><span class=\"s1\">rste ordin<\/span><span class=\"s2\">\u00e6<\/span><span class=\"s1\">re nummeret av Fotografi<span class=\"Apple-converted-space\">\u00a0 <\/span>kom ut i januar 1968, har tidsskriftet vokst fra <\/span><span class=\"s2\">\u00e5 <\/span><span class=\"s1\">v<\/span><span class=\"s2\">\u00e6<\/span><span class=\"s1\">re et entusiastblad for fotoamat<\/span><span class=\"s2\">\u00f8<\/span><span class=\"s1\">ren <\/span><span class=\"s2\">\u00e5 <\/span><span class=\"s1\">l<\/span><span class=\"s2\">\u00e6<\/span><span class=\"s1\">re av, til ogs<\/span><span class=\"s2\">\u00e5 \u00e5 <\/span><span class=\"s1\">bli et tidsskrift for kunstfotografi, fotojournalistikk og fagfotografi. Denne boka er historien om tidsskriftet som b<\/span><span class=\"s2\">\u00e5<\/span><span class=\"s1\">de har speilet og p<\/span><span class=\"s2\">\u00e5<\/span><span class=\"s1\">virket fotografiet i sin samtid, samt bidratt til bevisstgj<\/span><span class=\"s2\">\u00f8<\/span><span class=\"s1\">ring rundt det fotografiske bildets betydning i samfunnet. <\/span><\/p>\n<p class=\"p1\"><em><span class=\"s1\">Fem ti<\/span><span class=\"s2\">\u00e5<\/span><\/em><span class=\"s1\"><em>r med Fotografi<\/em> speiler tidsskriftets kulturhistorisek betydning og allmenngyldige viktighet for fotografiet i Norge.<\/span><\/p>\n<p class=\"p1\"><span class=\"s1\">Boka er skrevet av tidsskriftets mange<\/span><span class=\"s2\">\u00e5<\/span><span class=\"s1\">rige medarbeider fotograf Morten M. L<\/span><span class=\"s2\">\u00f8<\/span><span class=\"s1\">berg.<\/span><\/p>\n<p>Morten M. L\u00f8berg:<br \/>\n<em>Fotografi gjennom fem ti\u00e5r<\/em><\/p>\n<p>Forlaget Fotografi<br \/>\n195 x 265 mm, hardcover<br \/>\n144 sider<br \/>\nISBN: 978-82-92437-09-4<br \/>\nKr. 360,00.<br \/>\n<a href=\"http:\/\/www.fotografiskforlag.no\/?page_id=138\">Bestill<\/a><\/p>\n<p><em><strong><br \/>\n<em><strong><br \/>\n<\/strong><strong><br \/>\nMORTEN M. L\u00d8BERG: <\/strong><\/em><em><strong>LJ\u00d8SHEIM F\u00d8R OG N\u00c5<\/strong><\/em><\/strong><\/em><\/p>\n<p><em><strong><a href=\"http:\/\/www.fotografiskforlag.no\/wp-content\/uploads\/2016\/12\/Web-featured.jpg\"><img loading=\"lazy\" class=\"alignnone size-full wp-image-613\" src=\"http:\/\/www.fotografiskforlag.no\/wp-content\/uploads\/2016\/12\/Web-featured.jpg\" alt=\"\" width=\"300\" height=\"320\" srcset=\"https:\/\/www.fotografiskforlag.no\/wp-content\/uploads\/2016\/12\/Web-featured.jpg 300w, https:\/\/www.fotografiskforlag.no\/wp-content\/uploads\/2016\/12\/Web-featured-281x300.jpg 281w\" sizes=\"(max-width: 300px) 100vw, 300px\" \/><\/a><\/strong><\/em><\/p>\n<p>\u00abDu kjenner den gode lukta av skog og myr s\u00e5 fort du \u00e5pner bild\u00f8ra. Kanskje er lufta litt skarpere enn nede i lavlandet, men \u2013 hu hei, kor er det vel friskt og lett upp\u00e5 fjellet! Det er deilig n\u00e5r sola skinner og varmer godt i hytteveggen. Det er pinse, den siste sn\u00f8flekken har smeltet og isen har g\u00e5tt p\u00e5 Lj\u00f8svatnet og Grunna. Turstiene lokker.\u00bb<\/p>\n<p>Morten L\u00f8berg fra Hamar har laget bok om Lj\u00f8sheim. Fra den gang hyttelivet var av det enkle slaget med parafinlamper og utedo p\u00e5 1960-tallet, og fram til v\u00e5r tid med innlagt str\u00f8m og maskinpreparerte skil\u00f8yper.<\/p>\n<p>\u2013 Helt siden jeg begynte \u00e5 ferdes her oppe, har jeg hatt kameraet med, sier L\u00f8berg, som er fotograf av yrke. \u00abLj\u00f8sheim f\u00f8r og n\u00e5\u00bb baserer seg p\u00e5 bilder, opplevelser og historie fra Lj\u00f8sheim. Boka inneholder ogs\u00e5 flere historiske bilder.<\/p>\n<p>\u2013 Noe av det fineste med Lj\u00f8sheim, foruten roen du finner her, er turmulighetene sommer som vinter. Ikke h\u00f8yfjellet akkurat, men lavm\u00e6lt og trygt. Akkurat som oss som du finner her oppe, sier L\u00f8berg, som h\u00e5per boka gir deg lyst til \u00e5 ta en tur til fjells.<\/p>\n<p>Morten M. L\u00f8berg:<br \/>\n<em>Lj\u00f8sheim f\u00f8r og n\u00e5<\/em><br \/>\n220 x 225 mm, softcover<br \/>\n144 sider<br \/>\nISBN: 978-82-999164-5-5<br \/>\nKr. 345,00.<br \/>\n<a href=\"http:\/\/www.fotografiskforlag.no\/?page_id=138\">Bestill<\/a><\/p>\n<p><strong><br \/>\nMORTEN M. L\u00d8BERG: <\/strong><em><strong>M\u00d8RKEROM \u2013 OG LUKTA AV FIKS<\/strong><\/em><\/p>\n<p><a href=\"http:\/\/www.fotografiskforlag.no\/wp-content\/uploads\/2016\/12\/M\u00f8rkerom-300.jpg\"><img loading=\"lazy\" class=\"alignnone size-full wp-image-563\" src=\"http:\/\/www.fotografiskforlag.no\/wp-content\/uploads\/2016\/12\/M\u00f8rkerom-300.jpg\" alt=\"M\u00f8rkerom 300\" width=\"300\" height=\"300\" srcset=\"https:\/\/www.fotografiskforlag.no\/wp-content\/uploads\/2016\/12\/M\u00f8rkerom-300.jpg 300w, https:\/\/www.fotografiskforlag.no\/wp-content\/uploads\/2016\/12\/M\u00f8rkerom-300-150x150.jpg 150w, https:\/\/www.fotografiskforlag.no\/wp-content\/uploads\/2016\/12\/M\u00f8rkerom-300-80x80.jpg 80w\" sizes=\"(max-width: 300px) 100vw, 300px\" \/><\/a><\/p>\n<p><em>M\u00f8rkerom \u2013 og lukta av fiks<\/em> er en ny bok skrevet av fotograf Morten M. L\u00f8berg,\u00a0 en innf\u00f8ring i fotografering med film og \u00abgammeldags\u00bb m\u00f8rkeromsarbeid.<img title=\"More...\" src=\"http:\/\/www.fotografiskforlag.no\/wp-includes\/js\/tinymce\/plugins\/wordpress\/img\/trans.gif\" alt=\"\" \/><\/p>\n<p>Boka er p\u00e5 128 sider og tar for seg alle aspekter ved fotografering med film i kameraet, og fremstilling av forst\u00f8rrelser i m\u00f8rkerom. Boka gir detaljert innf\u00f8ring i eksponering og fremkalling av forskjellige typer film, og hvordan du lager forst\u00f8rrelser p\u00e5 fotopapir. Boka beskriver valg av riktig utstyr for m\u00f8rkerommet, hvordan du fremkaller og behandler fotopapir for best mulig resultat og holdbarhet. Et eget kapitel tar for seg toning av bilder, og boka inneholder en egen seksjon med oppskrifter p\u00e5 forskjellig fremkallere, tonere og andre kjemiske bad for behandling av fotopapir \u2013 for den som vil eksperimentere litt p\u00e5 egenh\u00e5nd eller for \u00e5 kunne blande produkter som ikke lenger er i handelen.<\/p>\n<p>Morten M. L\u00f8berg:<br \/>\n<em>M\u00f8rkerom \u2013 og lukta av fiks<\/em><br \/>\n190 x 280 mm, softcover<br \/>\n128 sider<br \/>\nISBN: 978-82-999164-2-4<br \/>\nKr. 345,00.<br \/>\n<a href=\"http:\/\/www.fotografiskforlag.no\/?page_id=138\">Bestill<\/a><\/p>\n<p><strong><br \/>\nMORTEN M. L\u00d8BERG:<br \/>\n<em>SLIK VAR DET OGS\u00c5. BILDER OG HISTORIER FRA HAMAR OG OMEGN P\u00c5 1960- OG 1970-TALLET<\/em><\/strong><\/p>\n<p><a href=\"http:\/\/www.fotografiskforlag.no\/wp-content\/uploads\/2013\/07\/Forside.jpg\"><img loading=\"lazy\" class=\"alignnone size-full wp-image-531\" src=\"http:\/\/www.fotografiskforlag.no\/wp-content\/uploads\/2013\/07\/Forside.jpg\" alt=\"Forside\" width=\"300\" height=\"299\" srcset=\"https:\/\/www.fotografiskforlag.no\/wp-content\/uploads\/2013\/07\/Forside.jpg 300w, https:\/\/www.fotografiskforlag.no\/wp-content\/uploads\/2013\/07\/Forside-150x150.jpg 150w, https:\/\/www.fotografiskforlag.no\/wp-content\/uploads\/2013\/07\/Forside-80x80.jpg 80w\" sizes=\"(max-width: 300px) 100vw, 300px\" \/><\/a><\/p>\n<p><em>Slik var det ogs\u00e5<\/em> er oppf\u00f8lgeren til boka <em>Det var slik det var<\/em>, en samling bilder og historier fra Hamar og omegn p\u00e5 1960- og 70-tallet. Bildene er fotografert av Morten L\u00f8berg, som var ivrig amat\u00f8rfotograf og bidragsyter i lokalavisene \u2013 f\u00f8rst og fremst Hamar Stiftstidende, senere Hamar Dagblad.<\/p>\n<p>\u00abSlik var det ogs\u00e5\u00bb bringer nye bilder og flere hverdagshistorier fra Hamar og omegn p\u00e5 1960- og 70-tallet \u2013 blant annet friluftsliv i Furuberget, fotball og friidrett p\u00e5 et Hamar stadion som ikke eksisterer lenger, Hamar flyplass den gang det var rutefly her,\u00a0 musikklivet med rock, jazz og janitsjar, en flytur over Brumunddal med forretningsmannen Erling Vold ved spakene \u2013 og da Londoner-Basaren brant.<\/p>\n<p>Morten M. L\u00f8berg:<br \/>\n<em>Slik var det ogs\u00e5<\/em><br \/>\n225 x 230 mm, hardcover<br \/>\n144 sider<br \/>\nISBN: 978-82-999164-2-4<br \/>\nKr. 398,00.<br \/>\n<a href=\"http:\/\/www.fotografiskforlag.no\/?page_id=138\">Bestill<\/a><\/p>\n<p><strong><br \/>\nMORTEN M. L\u00d8BERG:<br \/>\n<em>DET VAR SLIK DET VAR. BILDER FRA HAMAR OG OMEGN P\u00c5 1960- OG 1970-TALLET<\/em><\/strong><\/p>\n<p><a href=\"http:\/\/www.fotografiskforlag.no\/wp-content\/uploads\/2013\/08\/Forside-nyhet.jpg\"><img loading=\"lazy\" class=\"alignnone size-full wp-image-350\" src=\"http:\/\/www.fotografiskforlag.no\/wp-content\/uploads\/2013\/08\/Forside-nyhet.jpg\" alt=\"Forside nyhet\" width=\"300\" height=\"300\" srcset=\"https:\/\/www.fotografiskforlag.no\/wp-content\/uploads\/2013\/08\/Forside-nyhet.jpg 300w, https:\/\/www.fotografiskforlag.no\/wp-content\/uploads\/2013\/08\/Forside-nyhet-150x150.jpg 150w, https:\/\/www.fotografiskforlag.no\/wp-content\/uploads\/2013\/08\/Forside-nyhet-80x80.jpg 80w\" sizes=\"(max-width: 300px) 100vw, 300px\" \/><\/a><\/p>\n<p><em>Det var slik det var<\/em> er en samling bilder fra Hamar og omegn p\u00e5 1960- og 70-tallet, fotografert av Morten L\u00f8berg som var ivrig amat\u00f8rfotograf og bidragsyter i lokalavisene \u2013 f\u00f8rst og fremst Hamar Stiftstidende, senere Hamar Dagblad.<\/p>\n<p><em>Det var slik det var<\/em> inneholder bilder og historier fra brygga om sommeren, Hamar-mart\u00b4n om h\u00f8sten, Hamar stadion om vinteren og fra Mj\u00f8sflommen om v\u00e5ren. Badeliv\u00a0 p\u00e5 Domkirkeodden og cupfeber p\u00e5 Briskeby. Strandgata \u2013 den gang. Det var slik Hamar s\u00e5 ut, det var slik vi s\u00e5 ut \u2013 i forrige \u00e5rhundre, men allikevel ikke i alt for fjern fortid\u2026<\/p>\n<p>Morten L\u00f8berg er f\u00f8dt i Furnes 1953 og vokste opp p\u00e5 Hamar. Han har v\u00e6rt fotograf hele livet.<\/p>\n<p>\u00abEtter at jeg kj\u00f8pte mitt f\u00f8rste speilreflekskamera viet jeg all min fritid til fotohobbyen. Jeg fotograferte rundt omkring i byen, p\u00e5 fotballkamper og sk\u00f8ytel\u00f8p, p\u00e5 Hamar-mart\u00b4n, p\u00e5 s\u00f8ndagsturer i Vangs\u00e5sa, p\u00e5 brygga da Skibladner ankom, folkelivet p\u00e5 Stortorget \u2013 og p\u00e5 skolen. Selv om jeg egentlig var ganske sjenert, var jeg framp\u00e5 n\u00e5r det gjaldt \u00e5 finne den beste posisjonen for \u00e5 ta bilder. Kameraet var alltid med\u00bb.<\/p>\n<p>Morten M. L\u00f8berg:<br \/>\n<em>Det var slik det var<\/em><br \/>\n2. opplag<br \/>\n225 x 230 mm, softcover<br \/>\n144 sider<br \/>\nISBN: 978-82-999164-4-8<br \/>\nKr. 345,00.<br \/>\n<a href=\"http:\/\/www.fotografiskforlag.no\/?page_id=138\">Bestill<\/a><\/p>\n<p><strong><br \/>\nMORTEN M. L\u00d8BERG:<br \/>\n<em>FOTOGRAFI MELLOM FIKSJON OG VIRKELIGHET \u2013 11 NORSKE FOTOGRAFER<\/em><\/strong><\/p>\n<p><a href=\"http:\/\/www.fotografiskforlag.no\/wp-content\/uploads\/2013\/07\/header615.png\"><img loading=\"lazy\" class=\"alignnone size-medium wp-image-93\" src=\"http:\/\/www.fotografiskforlag.no\/wp-content\/uploads\/2013\/07\/header615-300x296.png\" alt=\"header615\" width=\"300\" height=\"296\" srcset=\"https:\/\/www.fotografiskforlag.no\/wp-content\/uploads\/2013\/07\/header615-300x296.png 300w, https:\/\/www.fotografiskforlag.no\/wp-content\/uploads\/2013\/07\/header615-80x80.png 80w, https:\/\/www.fotografiskforlag.no\/wp-content\/uploads\/2013\/07\/header615.png 615w\" sizes=\"(max-width: 300px) 100vw, 300px\" \/><\/a><\/p>\n<p>Dagens fotografi er mer grenseoverskridende enn f\u00f8r. Forskjellige sjangere l\u00e5ner fra hverandre, og uttrykkene endres. Flere og flere fotografer beveger seg i grenselandet mellom fiksjon og virkelighet. Det betyr mindre \u00abb\u00e5stenkning\u00bb, og st\u00f8rre fokus p\u00e5 innhold og kvalitet. Dette kommer tydelig til syne i form av blant annet mer subjektiv og personlig fotojournalistikk \u2013 og et utvidet kunstfotobegrep.<\/p>\n<p><em>Fotografi mellom fiksjon og virkelighet<\/em> presenterer 11 norske fotografer som har v\u00e6rt bredt presentert i tidsskriftet Fotografi.<\/p>\n<p>F\u00f8lgende fotografer er representert i boka:<\/p>\n<p>Jim Bengtson<br \/>\nAnn Christine Eek<br \/>\nRune Eraker<br \/>\nChristian Houge<br \/>\nRune Johansen<br \/>\nTom Martinsen<br \/>\nJamie Parslow<br \/>\nPer-Anders Rosenkvist<br \/>\nCathrine Wessel<br \/>\nBj\u00f8rn Winsnes<br \/>\nRolf M. Aagaard<\/p>\n<p>Morten M. L\u00f8berg:<br \/>\n<em>Fotografi mellom fiksjon og virkelighet<\/em><strong><br \/>\n<\/strong>ISBN: 978-82-999164-1-7<br \/>\n190 x 195 mm, softcover<br \/>\n144 sider<br \/>\nKr. 198,00.<br \/>\n<a href=\"http:\/\/www.fotografiskforlag.no\/?page_id=138\">Bestill<\/a><\/p>\n<p><strong><br \/>\nMORTEN M. L\u00d8BERG:<\/strong><br \/>\n<strong>\u00abEN STIPENDIAT I PARIS<\/strong>\u00bb<\/p>\n<p><a href=\"http:\/\/www.fotografiskforlag.no\/wp-content\/uploads\/2015\/03\/Forside-stipendiat-liten.jpg\"><img loading=\"lazy\" class=\"alignnone size-full wp-image-493\" src=\"http:\/\/www.fotografiskforlag.no\/wp-content\/uploads\/2015\/03\/Forside-stipendiat-liten.jpg\" alt=\"Forside stipendiat liten\" width=\"300\" height=\"300\" srcset=\"https:\/\/www.fotografiskforlag.no\/wp-content\/uploads\/2015\/03\/Forside-stipendiat-liten.jpg 300w, https:\/\/www.fotografiskforlag.no\/wp-content\/uploads\/2015\/03\/Forside-stipendiat-liten-150x150.jpg 150w, https:\/\/www.fotografiskforlag.no\/wp-content\/uploads\/2015\/03\/Forside-stipendiat-liten-80x80.jpg 80w\" sizes=\"(max-width: 300px) 100vw, 300px\" \/><\/a><\/p>\n<p>Morten M. L\u00f8berg har skrevet bok med reisebrev, notater og bilder fra sitt fire m\u00e5neder lange studioopphold p\u00e5 Cit\u00e9 des Arts i Paris i 2014. Oppholdet var finansiert av Ingrid Lindb\u00e4ck Langaards stiftelse og L\u00f8berg arbeidet med et prosjekt han har kalt &#8220;Cityscapes&#8221; hvor han kombinerer fotografier av landskap og byer. Boka &#8220;En stipendiat i Paris&#8221; er produsert av Blurb.com. Du kan lese hele boka alldeles gratis her: http:\/\/www.blurb.com\/b\/6003384-en-stipendiat-i-paris. Boka er ogs\u00e5 til salgs gjennom Blurb.com og koster 31 euro pluss forsendelse.<\/p>\n<p>Morten M. L\u00f8berg:<br \/>\nEn stipendiat i Paris<br \/>\n170 x 170 mm, softcover<br \/>\n110 sider<br \/>\nEuro 31<br \/>\nBestill: http:\/\/www.blurb.com\/b\/6003384-en-stipendiat-i-paris<\/p>\n<h3><strong>\u00a0<\/strong><\/h3>\n<p><strong><br \/>\nMORTEN M. L\u00d8BERG\/LARS AAR\u00d8N\u00c6S:<\/strong><br \/>\n<em><strong>PLANLEGG BILDET DITT<\/strong><\/em><\/p>\n<p><a href=\"http:\/\/www.fotografiskforlag.no\/wp-content\/uploads\/2013\/07\/ForsidePB1.png\"><img loading=\"lazy\" src=\"http:\/\/www.fotografiskforlag.no\/wp-content\/uploads\/2013\/07\/ForsidePB1-300x286.png\" alt=\"ForsidePB\" width=\"300\" height=\"286\" \/><\/a><\/p>\n<p>Alle fotografier kan planlegges, ogs\u00e5 de spontane. Alt som skjer f\u00f8r, under og etter et fotoopptak er viktig. Det er viktig for det som all fotografering egentlig handler om: Resultatet.<\/p>\n<p>Morten M. L\u00f8berg og Lars Aar\u00f8n\u00e6s:<br \/>\nPlanlegg bildet ditt<br \/>\nKomma forlag<br \/>\n190 x 195 mm, softcover<br \/>\n130 sider<br \/>\nKr. 198,00<br \/>\nISBN: 978-82-92-21826-6<br \/>\n<a href=\"http:\/\/www.fotografiskforlag.no\/?page_id=138\">Bestill<\/a><\/p>\n","protected":false},"excerpt":{"rendered":"<p>MORTEN L\u00d8BERG\/FOTOMAGS STORE FOTOPAPIRTEST Fotografis store fotopapirtest, som omfatter rundt 400 utskriftsmedier, er n\u00e5 oppdatert med tester av flere nye papirer. Antall testede papirer er noenlunde konstant. Selv om nye produkter stadig legges til, tas andre ut fordi de har g\u00e5tt ut av produksjon, blitt erstattet av nye produkter eller fordi de ikke lenger er [&hellip;]<\/p>\n","protected":false},"author":1,"featured_media":0,"parent":0,"menu_order":0,"comment_status":"closed","ping_status":"closed","template":"","meta":[],"_links":{"self":[{"href":"https:\/\/www.fotografiskforlag.no\/index.php?rest_route=\/wp\/v2\/pages\/40"}],"collection":[{"href":"https:\/\/www.fotografiskforlag.no\/index.php?rest_route=\/wp\/v2\/pages"}],"about":[{"href":"https:\/\/www.fotografiskforlag.no\/index.php?rest_route=\/wp\/v2\/types\/page"}],"author":[{"embeddable":true,"href":"https:\/\/www.fotografiskforlag.no\/index.php?rest_route=\/wp\/v2\/users\/1"}],"replies":[{"embeddable":true,"href":"https:\/\/www.fotografiskforlag.no\/index.php?rest_route=%2Fwp%2Fv2%2Fcomments&post=40"}],"version-history":[{"count":66,"href":"https:\/\/www.fotografiskforlag.no\/index.php?rest_route=\/wp\/v2\/pages\/40\/revisions"}],"predecessor-version":[{"id":768,"href":"https:\/\/www.fotografiskforlag.no\/index.php?rest_route=\/wp\/v2\/pages\/40\/revisions\/768"}],"wp:attachment":[{"href":"https:\/\/www.fotografiskforlag.no\/index.php?rest_route=%2Fwp%2Fv2%2Fmedia&parent=40"}],"curies":[{"name":"wp","href":"https:\/\/api.w.org\/{rel}","templated":true}]}}