{"id":38,"date":"2013-07-08T18:41:58","date_gmt":"2013-07-08T16:41:58","guid":{"rendered":"http:\/\/www.fotografiskforlag.no\/?page_id=38"},"modified":"2023-11-06T20:28:53","modified_gmt":"2023-11-06T19:28:53","slug":"om-oss","status":"publish","type":"page","link":"https:\/\/www.fotografiskforlag.no\/?page_id=38","title":{"rendered":"Om oss"},"content":{"rendered":"<p>Fotografisk Forlag (etablert 2013) spesialiserer seg p\u00e5 fotografisk litteratur og bildebaserte b\u00f8ker.<\/p>\n<p>Forlaget eies og drives av fotograf Morten M. L\u00f8berg.<\/p>\n<p>Organisasjonsnummer: 995902168 MVA.<br \/>\nPostadresse: Morten L\u00f8berg\/Fotografisk Forlag,<br \/>\nKjels\u00e5sveien 145, 0491 Oslo.<br \/>\nTelefon: +47 997 05 076<br \/>\nEpost: mail@mortenloberg.no<\/p>\n<p><a href=\"http:\/\/www.fotografiskforlag.no\/wp-content\/uploads\/2013\/07\/PortrettMortenL\u00f8bergSH.jpg\"><img loading=\"lazy\" class=\"alignnone size-medium wp-image-254\" src=\"http:\/\/www.fotografiskforlag.no\/wp-content\/uploads\/2013\/07\/PortrettMortenL\u00f8bergSH-300x300.jpg\" alt=\"PortrettMortenL\u00f8bergSH\" width=\"300\" height=\"300\" srcset=\"https:\/\/www.fotografiskforlag.no\/wp-content\/uploads\/2013\/07\/PortrettMortenL\u00f8bergSH-300x300.jpg 300w, https:\/\/www.fotografiskforlag.no\/wp-content\/uploads\/2013\/07\/PortrettMortenL\u00f8bergSH-150x150.jpg 150w, https:\/\/www.fotografiskforlag.no\/wp-content\/uploads\/2013\/07\/PortrettMortenL\u00f8bergSH-80x80.jpg 80w, https:\/\/www.fotografiskforlag.no\/wp-content\/uploads\/2013\/07\/PortrettMortenL\u00f8bergSH.jpg 500w\" sizes=\"(max-width: 300px) 100vw, 300px\" \/><\/a><\/p>\n<h3><\/h3>\n<h3><\/h3>\n<h3><strong>Relatert virksomhet:<\/strong><\/h3>\n<p><a href=\"http:\/\/www.kursfabrikken.no\">Kursfabrikken<\/a> tilbyr kurs i fotografering, bilderedigering, video og skriveteknikk.<br \/>\n<a href=\"http:\/\/www.fotografiskforlag.no\/wp-content\/uploads\/2013\/07\/Screen-Shot-2013-07-21-at-12.38.34-PM.png\"><img loading=\"lazy\" class=\"alignnone size-medium wp-image-257\" src=\"http:\/\/www.fotografiskforlag.no\/wp-content\/uploads\/2013\/07\/Screen-Shot-2013-07-21-at-12.38.34-PM-300x46.png\" alt=\"Screen Shot 2013-07-21 at 12.38.34 PM\" width=\"300\" height=\"46\" srcset=\"https:\/\/www.fotografiskforlag.no\/wp-content\/uploads\/2013\/07\/Screen-Shot-2013-07-21-at-12.38.34-PM-300x46.png 300w, https:\/\/www.fotografiskforlag.no\/wp-content\/uploads\/2013\/07\/Screen-Shot-2013-07-21-at-12.38.34-PM.png 320w\" sizes=\"(max-width: 300px) 100vw, 300px\" \/><\/a><\/p>\n","protected":false},"excerpt":{"rendered":"<p>Fotografisk Forlag (etablert 2013) spesialiserer seg p\u00e5 fotografisk litteratur og bildebaserte b\u00f8ker. Forlaget eies og drives av fotograf Morten M. L\u00f8berg. Organisasjonsnummer: 995902168 MVA. Postadresse: Morten L\u00f8berg\/Fotografisk Forlag, Kjels\u00e5sveien 145, 0491 Oslo. Telefon: +47 997 05 076 Epost: mail@mortenloberg.no Relatert virksomhet: Kursfabrikken tilbyr kurs i fotografering, bilderedigering, video og skriveteknikk.<\/p>\n","protected":false},"author":1,"featured_media":0,"parent":0,"menu_order":0,"comment_status":"closed","ping_status":"closed","template":"","meta":[],"_links":{"self":[{"href":"https:\/\/www.fotografiskforlag.no\/index.php?rest_route=\/wp\/v2\/pages\/38"}],"collection":[{"href":"https:\/\/www.fotografiskforlag.no\/index.php?rest_route=\/wp\/v2\/pages"}],"about":[{"href":"https:\/\/www.fotografiskforlag.no\/index.php?rest_route=\/wp\/v2\/types\/page"}],"author":[{"embeddable":true,"href":"https:\/\/www.fotografiskforlag.no\/index.php?rest_route=\/wp\/v2\/users\/1"}],"replies":[{"embeddable":true,"href":"https:\/\/www.fotografiskforlag.no\/index.php?rest_route=%2Fwp%2Fv2%2Fcomments&post=38"}],"version-history":[{"count":20,"href":"https:\/\/www.fotografiskforlag.no\/index.php?rest_route=\/wp\/v2\/pages\/38\/revisions"}],"predecessor-version":[{"id":764,"href":"https:\/\/www.fotografiskforlag.no\/index.php?rest_route=\/wp\/v2\/pages\/38\/revisions\/764"}],"wp:attachment":[{"href":"https:\/\/www.fotografiskforlag.no\/index.php?rest_route=%2Fwp%2Fv2%2Fmedia&parent=38"}],"curies":[{"name":"wp","href":"https:\/\/api.w.org\/{rel}","templated":true}]}}