{"id":138,"date":"2013-07-16T14:14:24","date_gmt":"2013-07-16T12:14:24","guid":{"rendered":"http:\/\/www.fotografiskforlag.no\/?page_id=138"},"modified":"2025-12-06T21:01:35","modified_gmt":"2025-12-06T20:01:35","slug":"bestilling","status":"publish","type":"page","link":"https:\/\/www.fotografiskforlag.no\/?page_id=138","title":{"rendered":"Bestilling"},"content":{"rendered":"<p>B\u00f8ker kan bestilles kan bestilles direkte fra Fotografisk forlag.<\/p>\n<p>Vennligst send epost til mail@mortenloberg.no. Viktig: Husk \u00e5 oppgi <strong>navn<\/strong> og <strong>postadresse<\/strong>!<\/p>\n<p>Bestilling kan ogs\u00e5 skje pr. brev (Morten M. L\u00f8berg, Kjels\u00e5sveien 145, 0491 Oslo).<\/p>\n<p><em><strong><br \/>\n\u00abMORTEN L\u00d8BERG\/FOTOMAGS STORE FOTOPAPIRTEST\u00bb<\/strong><\/em><\/p>\n<p><em><strong>Pris kr. 450,00.<\/strong><\/em><\/p>\n<p><em><strong>Testen foreligger som pdf-fil som sendes pr. epost.<\/strong><\/em><\/p>\n<p><a href=\"http:\/\/www.fotografiskforlag.no\/wp-content\/uploads\/2020\/05\/ML-papirtest_cover.jpg\"><img loading=\"lazy\" class=\"alignnone size-full wp-image-726\" src=\"http:\/\/www.fotografiskforlag.no\/wp-content\/uploads\/2020\/05\/ML-papirtest_cover.jpg\" alt=\"\" width=\"295\" height=\"300\" srcset=\"https:\/\/www.fotografiskforlag.no\/wp-content\/uploads\/2020\/05\/ML-papirtest_cover.jpg 295w, https:\/\/www.fotografiskforlag.no\/wp-content\/uploads\/2020\/05\/ML-papirtest_cover-80x80.jpg 80w\" sizes=\"(max-width: 295px) 100vw, 295px\" \/><\/a><\/p>\n<p><em><strong><br \/>\n<\/strong><\/em><em><strong>\u00abFEM TI\u00c5R MED FOTOGRAFI\u00bb<\/strong><\/em><\/p>\n<p>Pris kr. 360,00 (pluss ekspedisjon\/frakt kr. 90,00). Boka tilsendes pr. post.<\/p>\n<p>Viktig: Husk \u00e5 oppgi <strong>navn<\/strong> og <strong>postadresse<\/strong> ved bestilling!<\/p>\n<p><a href=\"http:\/\/www.fotografiskforlag.no\/wp-content\/uploads\/2019\/12\/300x300.jpg\"><img loading=\"lazy\" class=\"alignnone size-full wp-image-669\" src=\"http:\/\/www.fotografiskforlag.no\/wp-content\/uploads\/2019\/12\/300x300.jpg\" alt=\"\" width=\"300\" height=\"300\" srcset=\"https:\/\/www.fotografiskforlag.no\/wp-content\/uploads\/2019\/12\/300x300.jpg 300w, https:\/\/www.fotografiskforlag.no\/wp-content\/uploads\/2019\/12\/300x300-150x150.jpg 150w, https:\/\/www.fotografiskforlag.no\/wp-content\/uploads\/2019\/12\/300x300-80x80.jpg 80w\" sizes=\"(max-width: 300px) 100vw, 300px\" \/><\/a><\/p>\n<p><em><strong>\u00abM\u00d8RKEROM OG LUKTA AV FIKS\u00bb<\/strong><\/em><\/p>\n<p>Pris kr. 398,00 (pluss ekspedisjon\/frakt kr. 90,00). Boka tilsendes pr. post.<\/p>\n<p>Viktig: Husk \u00e5 oppgi <strong>navn<\/strong> og <strong>postadresse<\/strong> ved bestilling!<\/p>\n<p><a href=\"http:\/\/www.fotografiskforlag.no\/wp-content\/uploads\/2016\/12\/M\u00f8rkerom-300.jpg\"><img loading=\"lazy\" class=\"alignnone size-full wp-image-563\" src=\"http:\/\/www.fotografiskforlag.no\/wp-content\/uploads\/2016\/12\/M\u00f8rkerom-300.jpg\" alt=\"M\u00f8rkerom 300\" width=\"300\" height=\"300\" srcset=\"https:\/\/www.fotografiskforlag.no\/wp-content\/uploads\/2016\/12\/M\u00f8rkerom-300.jpg 300w, https:\/\/www.fotografiskforlag.no\/wp-content\/uploads\/2016\/12\/M\u00f8rkerom-300-150x150.jpg 150w, https:\/\/www.fotografiskforlag.no\/wp-content\/uploads\/2016\/12\/M\u00f8rkerom-300-80x80.jpg 80w\" sizes=\"(max-width: 300px) 100vw, 300px\" \/><\/a><\/p>\n<p><em><strong><br \/>\n<em><strong><br \/>\n<\/strong><\/em><em><strong>\u00abFOTOGRAFI MELLOM FIKSJON OG VIRKELIGHET \u2013 11 NORSKE FOTOGRAFER\u00bb<\/strong><\/em><\/strong><\/em><\/p>\n<p><em><strong>Pris kr. 198,00 (pluss ekspedisjon\/frakt kr. 50,00).<\/strong><\/em><em><strong>\u00a0Boka tilsendes pr. post.<\/strong><\/em><\/p>\n<p>Viktig: Husk \u00e5 oppgi <strong>navn<\/strong> og <strong>postadresse<\/strong> ved bestilling!<\/p>\n<p><a href=\"http:\/\/www.fotografiskforlag.no\/wp-content\/uploads\/2013\/07\/header280h.png\"><img loading=\"lazy\" src=\"http:\/\/www.fotografiskforlag.no\/wp-content\/uploads\/2013\/07\/header280h.png\" alt=\"header280h\" width=\"284\" height=\"280\" \/><\/a><\/p>\n<p><em><strong><\/p>\n<p><\/strong><\/em><em><strong>\u00abLJ\u00d8SHEIM F\u00d8R OG N\u00c5\u00bb<\/strong><\/em><\/p>\n<p>Pris kr. 345,00 (pluss ekspedisjon\/frakt kr. 90,00). Boka tilsendes pr. post.<\/p>\n<p>Viktig: Husk \u00e5 oppgi <strong>navn<\/strong> og <strong>postadresse<\/strong> ved bestilling!<\/p>\n<p><a href=\"http:\/\/www.fotografiskforlag.no\/wp-content\/uploads\/2016\/12\/Web-featured.jpg\"><img loading=\"lazy\" class=\"alignnone size-full wp-image-613\" src=\"http:\/\/www.fotografiskforlag.no\/wp-content\/uploads\/2016\/12\/Web-featured.jpg\" alt=\"\" width=\"300\" height=\"320\" srcset=\"https:\/\/www.fotografiskforlag.no\/wp-content\/uploads\/2016\/12\/Web-featured.jpg 300w, https:\/\/www.fotografiskforlag.no\/wp-content\/uploads\/2016\/12\/Web-featured-281x300.jpg 281w\" sizes=\"(max-width: 300px) 100vw, 300px\" \/><\/a><\/p>\n<p><em><strong><br \/>\n<\/strong><\/em><em><strong>\u00abSLIK VAR DET OGS\u00c5. BILDER OG HISTORIER FRA HAMAR OG OMEGN P\u00c5 1960- OG 1970-TALLET\u00bb<\/strong><\/em><\/p>\n<p>Pris kr. 398,00 (pluss ekspedisjon\/frakt kr. 96,00). Boka tilsendes pr. post.<\/p>\n<p>Viktig: Husk \u00e5 oppgi <strong>navn<\/strong> og <strong>postadresse<\/strong> ved bestilling!<\/p>\n<p><a href=\"http:\/\/www.fotografiskforlag.no\/wp-content\/uploads\/2013\/07\/Forside.jpg\"><img loading=\"lazy\" class=\"alignnone size-full wp-image-531\" src=\"http:\/\/www.fotografiskforlag.no\/wp-content\/uploads\/2013\/07\/Forside.jpg\" alt=\"Forside\" width=\"300\" height=\"299\" srcset=\"https:\/\/www.fotografiskforlag.no\/wp-content\/uploads\/2013\/07\/Forside.jpg 300w, https:\/\/www.fotografiskforlag.no\/wp-content\/uploads\/2013\/07\/Forside-150x150.jpg 150w, https:\/\/www.fotografiskforlag.no\/wp-content\/uploads\/2013\/07\/Forside-80x80.jpg 80w\" sizes=\"(max-width: 300px) 100vw, 300px\" \/><\/a><\/p>\n<p><em><strong><br \/>\n<\/strong><\/em><em><strong>\u00abDET VAR SLIK DET VAR. BILDER FRA HAMAR OG OMEGN P\u00c5 1960- OG 1970-TALLET\u00bb<\/strong><\/em><\/p>\n<p>Pris kr. 298,00 (pluss ekspedisjon\/frakt kr. 90,00). Boka tilsendes pr. post.<\/p>\n<p>Viktig: Husk \u00e5 oppgi <strong>navn<\/strong> og <strong>postadresse<\/strong> ved bestilling!<\/p>\n<p><a href=\"http:\/\/www.fotografiskforlag.no\/wp-content\/uploads\/2013\/08\/Forside-nyhet.jpg\"><img loading=\"lazy\" class=\"alignnone size-full wp-image-350\" src=\"http:\/\/www.fotografiskforlag.no\/wp-content\/uploads\/2013\/08\/Forside-nyhet.jpg\" alt=\"Forside nyhet\" width=\"300\" height=\"300\" srcset=\"https:\/\/www.fotografiskforlag.no\/wp-content\/uploads\/2013\/08\/Forside-nyhet.jpg 300w, https:\/\/www.fotografiskforlag.no\/wp-content\/uploads\/2013\/08\/Forside-nyhet-150x150.jpg 150w, https:\/\/www.fotografiskforlag.no\/wp-content\/uploads\/2013\/08\/Forside-nyhet-80x80.jpg 80w\" sizes=\"(max-width: 300px) 100vw, 300px\" \/><\/a><\/p>\n<h3><\/h3>\n","protected":false},"excerpt":{"rendered":"<p>B\u00f8ker kan bestilles kan bestilles direkte fra Fotografisk forlag. Vennligst send epost til mail@mortenloberg.no. Viktig: Husk \u00e5 oppgi navn og postadresse! Bestilling kan ogs\u00e5 skje pr. brev (Morten M. L\u00f8berg, Kjels\u00e5sveien 145, 0491 Oslo). \u00abMORTEN L\u00d8BERG\/FOTOMAGS STORE FOTOPAPIRTEST\u00bb Pris kr. 450,00. Testen foreligger som pdf-fil som sendes pr. epost. \u00abFEM TI\u00c5R MED FOTOGRAFI\u00bb Pris kr. [&hellip;]<\/p>\n","protected":false},"author":1,"featured_media":0,"parent":0,"menu_order":0,"comment_status":"closed","ping_status":"closed","template":"","meta":[],"_links":{"self":[{"href":"https:\/\/www.fotografiskforlag.no\/index.php?rest_route=\/wp\/v2\/pages\/138"}],"collection":[{"href":"https:\/\/www.fotografiskforlag.no\/index.php?rest_route=\/wp\/v2\/pages"}],"about":[{"href":"https:\/\/www.fotografiskforlag.no\/index.php?rest_route=\/wp\/v2\/types\/page"}],"author":[{"embeddable":true,"href":"https:\/\/www.fotografiskforlag.no\/index.php?rest_route=\/wp\/v2\/users\/1"}],"replies":[{"embeddable":true,"href":"https:\/\/www.fotografiskforlag.no\/index.php?rest_route=%2Fwp%2Fv2%2Fcomments&post=138"}],"version-history":[{"count":65,"href":"https:\/\/www.fotografiskforlag.no\/index.php?rest_route=\/wp\/v2\/pages\/138\/revisions"}],"predecessor-version":[{"id":773,"href":"https:\/\/www.fotografiskforlag.no\/index.php?rest_route=\/wp\/v2\/pages\/138\/revisions\/773"}],"wp:attachment":[{"href":"https:\/\/www.fotografiskforlag.no\/index.php?rest_route=%2Fwp%2Fv2%2Fmedia&parent=138"}],"curies":[{"name":"wp","href":"https:\/\/api.w.org\/{rel}","templated":true}]}}